{"id":3398,"date":"2021-05-13T16:25:44","date_gmt":"2021-05-13T16:25:44","guid":{"rendered":"http:\/\/aikox.net\/Danzarte\/product\/calcetin-de-silicona\/"},"modified":"2022-05-25T12:07:56","modified_gmt":"2022-05-25T12:07:56","slug":"calcetin-de-silicona","status":"publish","type":"product","link":"http:\/\/aikox.net\/Danzarte\/tienda\/calcetin-de-silicona\/","title":{"rendered":"Calcet\u00edn de silicona"},"content":{"rendered":"<p>Accesorio Silicone Arch booster es un calcet\u00edn con un \u00abbolsillo\u00bb cosido que tiene una almohadillas interna especial hecha de silicona m\u00e9dicamente probada.<\/p>\n<p>CARACTER\u00cdSTICAS<br \/>\nF\u00e1cil y r\u00e1pido de poner en el pie.<br \/>\nInvisible en el pie y no obstaculiza los movimientos del bailar\u00edn.<br \/>\nProtege el pie de ara\u00f1azos causados por el contacto con el suelo.<br \/>\nHecho de materiales contempor\u00e1neos, el refuerzo de arco de silicona evita lesiones en los pies e irritaci\u00f3n de la piel.<br \/>\nDespu\u00e9s del uso, lave el refuerzo de silicona para arco en agua jabonosa tibia y seque suavemente.<\/p>\n<p>Calcet\u00edn Tallas S (34-3) &#8211; M (36-37,5) &#8211; L (38-39,5)<br \/>\nInserci\u00f3n de Silicona Tallas S &#8211; M &#8211; L.<\/p>\n","protected":false},"excerpt":{"rendered":"<p>Accesorio Silicone Arch booster es un calcet\u00edn con un \u00abbolsillo\u00bb cosido que tiene una almohadillas interna especial hecha de silicona m\u00e9dicamente probada. CARACTER\u00cdSTICAS F\u00e1cil y r\u00e1pido de poner en el pie. Invisible en el pie y no obstaculiza los movimientos del bailar\u00edn. Protege el pie de ara\u00f1azos causados por el contacto con el suelo. Hecho&hellip;<\/p>\n","protected":false},"featured_media":8007,"template":"","meta":[],"product_cat":[218,243],"product_tag":[],"class_list":["post-3398","product","type-product","status-publish","has-post-thumbnail","hentry","product_cat-complementos-calcetines","product_cat-complementos","product_brand-grishko","col-xs-6 col-sm-4","col-md-4 col-lg-4","un-3-cols"],"_links":{"self":[{"href":"http:\/\/aikox.net\/Danzarte\/wp-json\/wp\/v2\/product\/3398","targetHints":{"allow":["GET"]}}],"collection":[{"href":"http:\/\/aikox.net\/Danzarte\/wp-json\/wp\/v2\/product"}],"about":[{"href":"http:\/\/aikox.net\/Danzarte\/wp-json\/wp\/v2\/types\/product"}],"wp:featuredmedia":[{"embeddable":true,"href":"http:\/\/aikox.net\/Danzarte\/wp-json\/wp\/v2\/media\/8007"}],"wp:attachment":[{"href":"http:\/\/aikox.net\/Danzarte\/wp-json\/wp\/v2\/media?parent=3398"}],"wp:term":[{"taxonomy":"product_cat","embeddable":true,"href":"http:\/\/aikox.net\/Danzarte\/wp-json\/wp\/v2\/product_cat?post=3398"},{"taxonomy":"product_tag","embeddable":true,"href":"http:\/\/aikox.net\/Danzarte\/wp-json\/wp\/v2\/product_tag?post=3398"}],"curies":[{"name":"wp","href":"https:\/\/api.w.org\/{rel}","templated":true}]}}