{"id":3372,"date":"2021-05-13T16:25:44","date_gmt":"2021-05-13T16:25:44","guid":{"rendered":"http:\/\/aikox.net\/Danzarte\/product\/bolso-nina-b01\/"},"modified":"2022-09-21T09:50:06","modified_gmt":"2022-09-21T09:50:06","slug":"bolso-nina-b01","status":"publish","type":"product","link":"http:\/\/aikox.net\/Danzarte\/tienda\/bolso-nina-b01\/","title":{"rendered":"Bolso Ni\u00f1a B01"},"content":{"rendered":"<p>Bolsa de ballet , de viaje o merienda para nuestras ni\u00f1as m\u00e1s presumidas, tejido de nylon. Ideal para guardar el atuendo principal y los accesorios en el bolsillo lateral peque\u00f1o. Nuevo dise\u00f1o actualizado con Zelie (dibujo de ratita bailarina) encanta a los ni\u00f1os.<\/p>\n<p>Tama\u00f1o 30cmx20cmx15cm<\/p>\n","protected":false},"excerpt":{"rendered":"<p>Bolsa de baile ideal para guardar el atuendo en el bolsillo principal y los accesorios en el bolsillo lateral peque\u00f1o.<\/p>\n","protected":false},"featured_media":3373,"template":"","meta":[],"product_cat":[213,243],"product_tag":[],"class_list":["post-3372","product","type-product","status-publish","has-post-thumbnail","hentry","product_cat-complementos-bolsos","product_cat-complementos","product_brand-dansez-vous","col-xs-6 col-sm-4","col-md-4 col-lg-4","un-3-cols"],"_links":{"self":[{"href":"http:\/\/aikox.net\/Danzarte\/wp-json\/wp\/v2\/product\/3372","targetHints":{"allow":["GET"]}}],"collection":[{"href":"http:\/\/aikox.net\/Danzarte\/wp-json\/wp\/v2\/product"}],"about":[{"href":"http:\/\/aikox.net\/Danzarte\/wp-json\/wp\/v2\/types\/product"}],"wp:featuredmedia":[{"embeddable":true,"href":"http:\/\/aikox.net\/Danzarte\/wp-json\/wp\/v2\/media\/3373"}],"wp:attachment":[{"href":"http:\/\/aikox.net\/Danzarte\/wp-json\/wp\/v2\/media?parent=3372"}],"wp:term":[{"taxonomy":"product_cat","embeddable":true,"href":"http:\/\/aikox.net\/Danzarte\/wp-json\/wp\/v2\/product_cat?post=3372"},{"taxonomy":"product_tag","embeddable":true,"href":"http:\/\/aikox.net\/Danzarte\/wp-json\/wp\/v2\/product_tag?post=3372"}],"curies":[{"name":"wp","href":"https:\/\/api.w.org\/{rel}","templated":true}]}}