{"id":3344,"date":"2021-05-13T16:24:48","date_gmt":"2021-05-13T16:24:48","guid":{"rendered":"http:\/\/aikox.net\/Danzarte\/product\/banda-elastica-35mm\/"},"modified":"2022-05-25T14:39:52","modified_gmt":"2022-05-25T14:39:52","slug":"banda-elastica-35mm","status":"publish","type":"product","link":"http:\/\/aikox.net\/Danzarte\/tienda\/banda-elastica-35mm\/","title":{"rendered":"Banda El\u00e1stica 35mm"},"content":{"rendered":"<p>Banda el\u00e1stica para ni\u00f1a Talla 2000 cm x150x0,35mm<\/p>\n<p>Material Latex<\/p>\n<p>Color Rosa<\/p>\n","protected":false},"excerpt":{"rendered":"<p>Talla \u00fanica<\/p>\n","protected":false},"featured_media":8000,"template":"","meta":[],"product_cat":[243,227],"product_tag":[],"class_list":["post-3344","product","type-product","status-publish","has-post-thumbnail","hentry","product_cat-complementos","product_cat-complementos-ideas-para-regalar","product_brand-grishko","col-xs-6 col-sm-4","col-md-4 col-lg-4","un-3-cols"],"_links":{"self":[{"href":"http:\/\/aikox.net\/Danzarte\/wp-json\/wp\/v2\/product\/3344","targetHints":{"allow":["GET"]}}],"collection":[{"href":"http:\/\/aikox.net\/Danzarte\/wp-json\/wp\/v2\/product"}],"about":[{"href":"http:\/\/aikox.net\/Danzarte\/wp-json\/wp\/v2\/types\/product"}],"wp:featuredmedia":[{"embeddable":true,"href":"http:\/\/aikox.net\/Danzarte\/wp-json\/wp\/v2\/media\/8000"}],"wp:attachment":[{"href":"http:\/\/aikox.net\/Danzarte\/wp-json\/wp\/v2\/media?parent=3344"}],"wp:term":[{"taxonomy":"product_cat","embeddable":true,"href":"http:\/\/aikox.net\/Danzarte\/wp-json\/wp\/v2\/product_cat?post=3344"},{"taxonomy":"product_tag","embeddable":true,"href":"http:\/\/aikox.net\/Danzarte\/wp-json\/wp\/v2\/product_tag?post=3344"}],"curies":[{"name":"wp","href":"https:\/\/api.w.org\/{rel}","templated":true}]}}