{"id":3340,"date":"2021-05-13T16:24:48","date_gmt":"2021-05-13T16:24:48","guid":{"rendered":"http:\/\/aikox.net\/Danzarte\/product\/bailarina-royale-ballet\/"},"modified":"2022-05-23T08:15:51","modified_gmt":"2022-05-23T08:15:51","slug":"bailarina-royale-ballet","status":"publish","type":"product","link":"http:\/\/aikox.net\/Danzarte\/tienda\/bailarina-royale-ballet\/","title":{"rendered":"Bailarina Royale Ballet"},"content":{"rendered":"<p>Bailarina de ante colecci\u00f3n limitada en tejido de ante.<br \/>\nArt\u00edculos en Outlet no admiten devoluci\u00f3n.<\/p>\n","protected":false},"excerpt":{"rendered":"<p>Bailarina para nuestro d\u00eda a d\u00eda en color verde agua Colecci\u00f3n Limitada de Ballet Rosa<\/p>\n","protected":false},"featured_media":7988,"template":"","meta":[],"product_cat":[205],"product_tag":[],"class_list":["post-3340","product","type-product","status-publish","has-post-thumbnail","hentry","product_cat-outlet","pa_numero-766","product_brand-ballet-rosa","col-xs-6 col-sm-4","col-md-4 col-lg-4","un-3-cols"],"_links":{"self":[{"href":"http:\/\/aikox.net\/Danzarte\/wp-json\/wp\/v2\/product\/3340","targetHints":{"allow":["GET"]}}],"collection":[{"href":"http:\/\/aikox.net\/Danzarte\/wp-json\/wp\/v2\/product"}],"about":[{"href":"http:\/\/aikox.net\/Danzarte\/wp-json\/wp\/v2\/types\/product"}],"wp:featuredmedia":[{"embeddable":true,"href":"http:\/\/aikox.net\/Danzarte\/wp-json\/wp\/v2\/media\/7988"}],"wp:attachment":[{"href":"http:\/\/aikox.net\/Danzarte\/wp-json\/wp\/v2\/media?parent=3340"}],"wp:term":[{"taxonomy":"product_cat","embeddable":true,"href":"http:\/\/aikox.net\/Danzarte\/wp-json\/wp\/v2\/product_cat?post=3340"},{"taxonomy":"product_tag","embeddable":true,"href":"http:\/\/aikox.net\/Danzarte\/wp-json\/wp\/v2\/product_tag?post=3340"}],"curies":[{"name":"wp","href":"https:\/\/api.w.org\/{rel}","templated":true}]}}