{"id":3330,"date":"2021-05-13T16:24:48","date_gmt":"2021-05-13T16:24:48","guid":{"rendered":"http:\/\/aikox.net\/Danzarte\/product\/alba\/"},"modified":"2022-12-27T17:35:48","modified_gmt":"2022-12-27T17:35:48","slug":"alba","status":"publish","type":"product","link":"http:\/\/aikox.net\/Danzarte\/tienda\/alba\/","title":{"rendered":"Alba"},"content":{"rendered":"<p>Modelo ALBA<\/p>\n<p>Sandalia de bailes de sal\u00f3n, tejido de sat\u00edn o raso. Suela de serraje. El tac\u00f3n cuadrado aporta comodidad y estabilidad. Las tiras cruzadas cubren las parte delantera del pie. Un gran ajuste, para cualquier tipo de danza, como para competiciones de junior.<\/p>\n<p>Plantilla con tecnolog\u00eda de alto confort. Hebilla de bot\u00f3n<\/p>\n<p>Bolsa de raso incluida.<\/p>\n<p>Tac\u00f3n Adulto: 3,5cm<\/p>\n<p>Colores Adulto : Negro, Tostado.<\/p>\n<p>Tallas ni\u00f1os del 27 al 34<br \/>\nTallas adulto del 35 al 41<\/p>\n<p>*En los zapatos de baile no se admiten devoluciones.<\/p>\n<p>&nbsp;<\/p>\n","protected":false},"excerpt":{"rendered":"<p>Sandalia de bailes latino, con tac\u00f3n cuadrado que aporta comodidad y estabilidad. Las bridas cruzadas cubren la parte delantera del pie. Ideal para las competiciones junior.<\/p>\n<p>*En los zapatos de baile no se admiten devoluciones.<\/p>\n","protected":false},"featured_media":3331,"template":"","meta":[],"product_cat":[242,204],"product_tag":[1159,1156,1237],"class_list":["post-3330","product","type-product","status-publish","has-post-thumbnail","hentry","product_cat-calzado","product_cat-calzado-salon","product_tag-calzado","product_tag-dansez-vous","product_tag-sandalia-de-baile","pa_numero-764","pa_numero-765","pa_numero-766","pa_numero-767","pa_numero-768","pa_numero-769","pa_numero-770","product_brand-dansez-vous","col-xs-6 col-sm-4","col-md-4 col-lg-4","un-3-cols"],"_links":{"self":[{"href":"http:\/\/aikox.net\/Danzarte\/wp-json\/wp\/v2\/product\/3330","targetHints":{"allow":["GET"]}}],"collection":[{"href":"http:\/\/aikox.net\/Danzarte\/wp-json\/wp\/v2\/product"}],"about":[{"href":"http:\/\/aikox.net\/Danzarte\/wp-json\/wp\/v2\/types\/product"}],"wp:featuredmedia":[{"embeddable":true,"href":"http:\/\/aikox.net\/Danzarte\/wp-json\/wp\/v2\/media\/3331"}],"wp:attachment":[{"href":"http:\/\/aikox.net\/Danzarte\/wp-json\/wp\/v2\/media?parent=3330"}],"wp:term":[{"taxonomy":"product_cat","embeddable":true,"href":"http:\/\/aikox.net\/Danzarte\/wp-json\/wp\/v2\/product_cat?post=3330"},{"taxonomy":"product_tag","embeddable":true,"href":"http:\/\/aikox.net\/Danzarte\/wp-json\/wp\/v2\/product_tag?post=3330"}],"curies":[{"name":"wp","href":"https:\/\/api.w.org\/{rel}","templated":true}]}}