{"id":7119,"date":"2022-10-14T11:07:09","date_gmt":"2022-10-14T11:07:09","guid":{"rendered":"http:\/\/aikox.net\/Danzarte\/?page_id=7119"},"modified":"2022-12-15T11:10:07","modified_gmt":"2022-12-15T11:10:07","slug":"danzarte-y-las-escuelas","status":"publish","type":"page","link":"http:\/\/aikox.net\/Danzarte\/danzarte-y-las-escuelas\/","title":{"rendered":"Danzarte y las escuelas"},"content":{"rendered":"<p>[vc_row full_width=\u00bbstretch_row_content_no_spaces\u00bb][vc_column]<div class=\"mf-single-image align-center \"><span class=\"thumbnail\" ><img loading=\"lazy\" decoding=\"async\" src=\"http:\/\/aikox.net\/Danzarte\/wp-content\/themes\/martfury\/images\/transparent.png\" data-original=\"http:\/\/aikox.net\/Danzarte\/wp-content\/uploads\/2021\/05\/quienesosmos-1.jpg\"  alt=\"\" class=\"lazy \" width=\"1920\" height=\"640\"><\/span><\/div><div class=\"martfury-empty-space \"><div class=\"mf_empty_space_lg\"  style=\"height: 105px\"><\/div><div class=\"mf_empty_space_md\"  style=\"height: 105px\"><\/div><div class=\"mf_empty_space_xs\"  style=\"height: 105px\"><\/div><\/div>[\/vc_column][\/vc_row][vc_row][vc_column width=\u00bb1\/6&#8243;][\/vc_column][vc_column width=\u00bb2\/3&#8243;]<div class=\"martfury-empty-space \"><div class=\"mf_empty_space_lg\"  style=\"height: 25px\"><\/div><div class=\"mf_empty_space_md\"  style=\"height: 25px\"><\/div><div class=\"mf_empty_space_xs\"  style=\"height: 25px\"><\/div><\/div>[vc_column_text]<\/p>\n<div style=\"font-size: 18px;\">\n<div class=\"x_col-md-12\">\n<h2 class=\"x_intro x_intro-not-separator\">Si eres director@ de una escuela de danza, Danzarte te ofrece unas ventajas exclusivas para ti:<\/h2>\n<\/div>\n<div class=\"x_col-md-6 x_col-md-offset-0\">\n<ul>\n<li>Trato personal exclusivo con nuestro asesor especializado en escuelas.\u00a0\u00a0T\u00fa escoges c\u00f3mo contactarnos o realizar un pedido, a trav\u00e9s de la p\u00e1gina web, por tel\u00e9fono o por email. \u00a0Nuestro asesor estar\u00e1 siempre a tu disposici\u00f3n.<\/li>\n<li>Descuento fijo sin pedido m\u00ednimo del\u00a015\u00a0%\u00a0dto. sobre todos nuestros productos.\u00a0S\u00f3lo con darte de alta como escuela, una vez hayamos comprobado tus datos, ya podr\u00e1s disfrutar de un 15% de descuento en tus compras.<\/li>\n<\/ul>\n<\/div>\n<div class=\"x_col-md-6\">\n<ul>\n<li>Descuentos especiales por cantidad de compra.<\/li>\n<li>Podr\u00e1s\u00a0conocer las nuevas colecciones\u00a0antes que nadie m\u00e1s.<\/li>\n<li>Si te interesara una sesi\u00f3n de fitting para tus alumnas, solicita t\u00fa cita a trav\u00e9s del WhatsApp 662192029<\/li>\n<\/ul>\n<\/div>\n<\/div>\n<p>[\/vc_column_text]<div class=\"martfury-empty-space \"><div class=\"mf_empty_space_lg\"  style=\"height: 25px\"><\/div><div class=\"mf_empty_space_md\"  style=\"height: 25px\"><\/div><div class=\"mf_empty_space_xs\"  style=\"height: 25px\"><\/div><\/div>[\/vc_column][vc_column width=\u00bb1\/6&#8243;][\/vc_column][\/vc_row]<\/p>\n","protected":false},"excerpt":{"rendered":"<p>[vc_row full_width=\u00bbstretch_row_content_no_spaces\u00bb][vc_column][\/vc_column][\/vc_row][vc_row][vc_column width=\u00bb1\/6&#8243;][\/vc_column][vc_column width=\u00bb2\/3&#8243;][vc_column_text] Si eres director@ de una escuela de danza, Danzarte te ofrece unas ventajas exclusivas para ti: Trato personal exclusivo con nuestro asesor especializado en escuelas.\u00a0\u00a0T\u00fa escoges c\u00f3mo contactarnos o realizar un pedido, a trav\u00e9s de la p\u00e1gina web, por tel\u00e9fono o por email. \u00a0Nuestro asesor estar\u00e1 siempre a tu disposici\u00f3n. Descuento&hellip;<\/p>\n","protected":false},"author":1,"featured_media":0,"parent":0,"menu_order":0,"comment_status":"closed","ping_status":"closed","template":"template-full-width.php","meta":{"footnotes":""},"class_list":["post-7119","page","type-page","status-publish","hentry"],"_links":{"self":[{"href":"http:\/\/aikox.net\/Danzarte\/wp-json\/wp\/v2\/pages\/7119","targetHints":{"allow":["GET"]}}],"collection":[{"href":"http:\/\/aikox.net\/Danzarte\/wp-json\/wp\/v2\/pages"}],"about":[{"href":"http:\/\/aikox.net\/Danzarte\/wp-json\/wp\/v2\/types\/page"}],"author":[{"embeddable":true,"href":"http:\/\/aikox.net\/Danzarte\/wp-json\/wp\/v2\/users\/1"}],"replies":[{"embeddable":true,"href":"http:\/\/aikox.net\/Danzarte\/wp-json\/wp\/v2\/comments?post=7119"}],"version-history":[{"count":5,"href":"http:\/\/aikox.net\/Danzarte\/wp-json\/wp\/v2\/pages\/7119\/revisions"}],"predecessor-version":[{"id":9934,"href":"http:\/\/aikox.net\/Danzarte\/wp-json\/wp\/v2\/pages\/7119\/revisions\/9934"}],"wp:attachment":[{"href":"http:\/\/aikox.net\/Danzarte\/wp-json\/wp\/v2\/media?parent=7119"}],"curies":[{"name":"wp","href":"https:\/\/api.w.org\/{rel}","templated":true}]}}