{"id":129,"date":"2017-11-28T08:26:45","date_gmt":"2017-11-28T08:26:45","guid":{"rendered":"http:\/\/demo2.drfuri.com\/martfury\/?page_id=129"},"modified":"2022-12-16T12:41:42","modified_gmt":"2022-12-16T12:41:42","slug":"danzarte","status":"publish","type":"page","link":"http:\/\/aikox.net\/Danzarte\/danzarte\/","title":{"rendered":"Danzarte"},"content":{"rendered":"<p>[vc_row full_width=\u00bbstretch_row_content_no_spaces\u00bb][vc_column]<div class=\"mf-single-image align-center \"><span class=\"thumbnail\" ><img loading=\"lazy\" decoding=\"async\" src=\"http:\/\/aikox.net\/Danzarte\/wp-content\/themes\/martfury\/images\/transparent.png\" data-original=\"http:\/\/aikox.net\/Danzarte\/wp-content\/uploads\/2021\/05\/quienesosmos-1.jpg\"  alt=\"\" class=\"lazy \" width=\"1920\" height=\"640\"><\/span><\/div><div class=\"martfury-empty-space \"><div class=\"mf_empty_space_lg\"  style=\"height: 105px\"><\/div><div class=\"mf_empty_space_md\"  style=\"height: 105px\"><\/div><div class=\"mf_empty_space_xs\"  style=\"height: 105px\"><\/div><\/div>[\/vc_column][\/vc_row][vc_row][vc_column width=\u00bb1\/2&#8243;]<div class=\"martfury-member member\"><img loading=\"lazy\" decoding=\"async\" src=\"http:\/\/aikox.net\/Danzarte\/wp-content\/themes\/martfury\/images\/transparent.png\" data-original=\"http:\/\/aikox.net\/Danzarte\/wp-content\/uploads\/2022\/02\/amaia.jpg\"  alt=\"\" class=\"lazy \" width=\"620\" height=\"611\"><div class=\"member-content\"><h4 class=\"name\">Amaia Solar<\/h4> <span class=\"job\">Propietaria de Danzarte<\/span> <div class=\"socials\"><a href=\"https:\/\/www.instagram.com\/danzartedeusto\/\" class=\"link\" ><i class=\"fa fa-instagram\"><\/i><\/a><a href=\"https:\/\/www.facebook.com\/Danzartebilbao\/\" class=\"link\"  target=\" _blank\"><i class=\"fa fa-facebook\"><\/i><\/a><a href=\"mailto:hola@danzarteshop.es\" class=\"link\"  target=\" _blank\"><i class=\"fa fa-envelope\"><\/i><\/a><\/div><\/div><\/div>[\/vc_column][vc_column width=\u00bb1\/2&#8243;][vc_custom_heading text=\u00bbDANZARTE, es un espacio en el coraz\u00f3n de Bilbao creado para asesorar y vestir la danza al mejor precio.\u00bb font_container=\u00bbtag:h2|font_size:36|text_align:left\u00bb use_theme_fonts=\u00bbyes\u00bb css=\u00bb.vc_custom_1621429657177{margin-top: 0px !important;margin-bottom: 0px !important;}\u00bb el_class=\u00bbmf-regular\u00bb]<div class=\"martfury-empty-space \"><div class=\"mf_empty_space_lg\"  style=\"height: 25px\"><\/div><div class=\"mf_empty_space_md\"  style=\"height: 25px\"><\/div><div class=\"mf_empty_space_xs\"  style=\"height: 25px\"><\/div><\/div><div class=\"martfury-empty-space \"><div class=\"mf_empty_space_lg\"  style=\"height: 30px\"><\/div><div class=\"mf_empty_space_md\"  style=\"height: 30px\"><\/div><div class=\"mf_empty_space_xs\"  style=\"height: 30px\"><\/div><\/div>[vc_custom_heading text=\u00bbTe podemos asesorar, confeccionar, personalizar y c\u00f3mo no, escuchar tus necesidades independientemente del tipo de danza que realizas.\u00bb font_container=\u00bbtag:h3|font_size:24|text_align:left\u00bb use_theme_fonts=\u00bbyes\u00bb css=\u00bb.vc_custom_1665742426162{margin-top: 0px !important;margin-bottom: 0px !important;}\u00bb el_class=\u00bbmf-semi-bold\u00bb][vc_row_inner][vc_column_inner]<div class=\"martfury-empty-space \"><div class=\"mf_empty_space_lg\"  style=\"height: 25px\"><\/div><div class=\"mf_empty_space_md\"  style=\"height: 25px\"><\/div><div class=\"mf_empty_space_xs\"  style=\"height: 25px\"><\/div><\/div>[\/vc_column_inner][\/vc_row_inner][\/vc_column][\/vc_row][vc_row][vc_column width=\u00bb1\/6&#8243;][\/vc_column][vc_column width=\u00bb2\/3&#8243;]<div class=\"martfury-empty-space \"><div class=\"mf_empty_space_lg\"  style=\"height: 25px\"><\/div><div class=\"mf_empty_space_md\"  style=\"height: 25px\"><\/div><div class=\"mf_empty_space_xs\"  style=\"height: 25px\"><\/div><\/div>[vc_column_text]<\/p>\n<div style=\"font-size: 18px;\">\n<div style=\"margin-bottom: 15px;\">Me presento, soy Amaia , una mujer emprendedora, risue\u00f1a y con muchas ganas de transmitir lo mucho o poco que s\u00e9.<\/div>\n<div style=\"margin-bottom: 15px;\">Os invito a conocerme un poco m\u00e1s.<\/div>\n<div style=\"margin-bottom: 15px;\">Comenc\u00e9 a bailar a los 4 a\u00f1os, curs\u00e9 los estudios de Danza Cl\u00e1sica en la Escuela Municipal de M\u00fasica y Danza de San Sebasti\u00e1n, form\u00e1ndome tambi\u00e9n como educadora infantil. Trabaj\u00e9 muchos a\u00f1os coordinando y formando equipos directivos, tras la crisis del 2008, cambio de registro, nace la ni\u00f1a de mis ojos, y la vida cambia&#8230; Comienzo a trabajar en un tienda de danza en mi ciudad. Me invitan a bailar en un escenario que no me gusta y, comienzo a buscar, a ensayar y aprender que sentido dar a mi vida. Animada por mis clientes y amigos nace Danzarte.<\/div>\n<div style=\"margin-bottom: 15px;\">El mundo de la danza me ha servido para caminar por la vida, con la mochila un poco menos cargada. Hablar un lenguaje cuando las palabras no salen, no nos atrevemos a decirlas, o simplemente creemos que debemos callar.<\/div>\n<div style=\"margin-bottom: 15px;\">Doy gracias del tiempo, dinero, vocaci\u00f3n, amor y sacrificio que hicieron mis padres y maestros, para transmitirme sus valores. A d\u00eda de hoy la paciencia de mi compa\u00f1ero de viaje, y la ni\u00f1a de mis ojos, hacen que pueda dedicarme a lo que veo que realmente necesita el sector de las tiendas profesionales de danza, que son un pedacito m\u00e1s de la educaci\u00f3n y de las artes.<\/div>\n<div style=\"margin-bottom: 15px;\">Escucha, reconocimiento y\u00a0 formaci\u00f3n.<\/div>\n<div style=\"margin-bottom: 15px;\">Lo que m\u00e1s me gusta de Danzarte, son los momentos m\u00e1gicos e irrepetibles que me dais y que nacen en cada Fitting de puntas, o cada conversaci\u00f3n que tenemos, no puedo estar m\u00e1s agradecida, de la confianza de padres, alumnos y profesores.<\/div>\n<div style=\"margin-bottom: 15px;\">Si quieres conocerme un poco m\u00e1s , ya sabes, nos vemos en Danzarte, vestir la danza.<\/div>\n<\/div>\n<p>[\/vc_column_text][vc_column_text]<\/p>\n<div style=\"font-size: 18px;\">\n<div style=\"margin-bottom: 15px;\">Queriendo contribuir de alguna manera, para seguir alimentando la pasi\u00f3n por la danza y poder ver crecer a nuestros artistas de hoy y el ma\u00f1ana.<\/div>\n<div style=\"margin-bottom: 15px;\">Transmitiendo la importancia de cualquier disciplina, y dar el verdadero valor que tienen, ya que forman parte de nuestra tradici\u00f3n, cultura y educaci\u00f3n.<\/div>\n<div style=\"margin-bottom: 15px;\">Contribuyendo desde nuestra peque\u00f1a parcela como profesionales y seguir so\u00f1ando y c\u00f3mo no, formar parte del cambio de esta sociedad, hacia una sociedad inteligente y emocional, sin prejuicios, con fusi\u00f3n de culturas, que es lo que nos hace verdaderamente ricos.<\/div>\n<\/div>\n<p>[\/vc_column_text]<div class=\"martfury-empty-space \"><div class=\"mf_empty_space_lg\"  style=\"height: 25px\"><\/div><div class=\"mf_empty_space_md\"  style=\"height: 25px\"><\/div><div class=\"mf_empty_space_xs\"  style=\"height: 25px\"><\/div><\/div>[vc_column_text]<\/p>\n<div style=\"font-size: 18px;\">\n<p id=\"1122901701\" class=\"dmNewParagraph\" style=\"text-align: left;\" data-element-type=\"paragraph\" data-uialign=\"center\"><span class=\"m-font-size-36 lh-1 font-size-48\"><span class=\"font-size-36 lh-1\"><span class=\"font-size-30 lh-1\">Te invitamos a visitarnos o bien concertar una cita, por tel\u00e9fono o por correo electr\u00f3nico.<\/span><\/span><\/span><\/p>\n<\/div>\n<p>[\/vc_column_text]<div class=\"martfury-empty-space \"><div class=\"mf_empty_space_lg\"  style=\"height: 25px\"><\/div><div class=\"mf_empty_space_md\"  style=\"height: 25px\"><\/div><div class=\"mf_empty_space_xs\"  style=\"height: 25px\"><\/div><\/div>[vc_column_text]<\/p>\n<h3 id=\"1122901701\" class=\"dmNewParagraph\" style=\"text-align: left;\" data-element-type=\"paragraph\" data-uialign=\"center\"><span class=\"m-font-size-36 lh-1 font-size-48\"><span class=\"font-size-36 lh-1\"><i><span class=\"font-size-30 lh-1\">\u201cNacemos desde el respeto, la pasi\u00f3n y la profesionalidad por y para la danza\u201d<\/span><\/i><\/span><\/span><\/h3>\n<p>[\/vc_column_text][\/vc_column][vc_column width=\u00bb1\/6&#8243;][\/vc_column][\/vc_row][vc_row][vc_column]<div class=\"martfury-empty-space \"><div class=\"mf_empty_space_lg\"  style=\"height: 115px\"><\/div><div class=\"mf_empty_space_md\"  style=\"height: 115px\"><\/div><div class=\"mf_empty_space_xs\"  style=\"height: 115px\"><\/div><\/div>[\/vc_column][\/vc_row][vc_row css=\u00bb.vc_custom_1511342891097{background-color: #f5f5f5 !important;}\u00bb][vc_column]<div class=\"martfury-empty-space \"><div class=\"mf_empty_space_lg\"  style=\"height: 120px\"><\/div><div class=\"mf_empty_space_md\"  style=\"height: 120px\"><\/div><div class=\"mf_empty_space_xs\"  style=\"height: 120px\"><\/div><\/div>[vc_row_inner][vc_column_inner width=\u00bb1\/6&#8243;][\/vc_column_inner][vc_column_inner width=\u00bb2\/3&#8243;][vc_custom_heading text=\u00bbMarcas con las que trabajamos\u00bb font_container=\u00bbtag:h2|font_size:36|text_align:left|color:%23000000&#8243; use_theme_fonts=\u00bbyes\u00bb css=\u00bb.vc_custom_1621429557686{margin-top: 0px !important;margin-bottom: 0px !important;}\u00bb el_class=\u00bbmf-regular\u00bb]<div class=\"martfury-empty-space \"><div class=\"mf_empty_space_lg\"  style=\"height: 55px\"><\/div><div class=\"mf_empty_space_md\"  style=\"height: 55px\"><\/div><div class=\"mf_empty_space_xs\"  style=\"height: 55px\"><\/div><\/div>[\/vc_column_inner][vc_column_inner width=\u00bb1\/6&#8243;][\/vc_column_inner][\/vc_row_inner]<div class=\"martfury-partner clearfix carousel-type \" data-columns=\"6\" data-auto=\"3000\">\n\t\t\t\t<div class=\"list-item \"><div class=\"partner-item \">\n\t\t\t\t\t\t\t<a href=\"\/product-brand\/rummos\/\" target=\"_blank\" ><img loading=\"lazy\" decoding=\"async\" src=\"http:\/\/aikox.net\/Danzarte\/wp-content\/themes\/martfury\/images\/transparent.png\" data-original=\"http:\/\/aikox.net\/Danzarte\/wp-content\/uploads\/2021\/05\/RUMMOS.png\"  alt=\"\" class=\"lazy \" width=\"300\" height=\"107\"><\/a>\n\t\t\t\t\t\t<\/div><div class=\"partner-item \">\n\t\t\t\t\t\t\t<a href=\"\/product-brand\/ballet-rosa\/\" target=\"_blank\" ><img loading=\"lazy\" decoding=\"async\" src=\"http:\/\/aikox.net\/Danzarte\/wp-content\/themes\/martfury\/images\/transparent.png\" data-original=\"http:\/\/aikox.net\/Danzarte\/wp-content\/uploads\/2022\/04\/BalletRpsa.png\"  alt=\"\" class=\"lazy \" width=\"300\" height=\"143\"><\/a>\n\t\t\t\t\t\t<\/div><div class=\"partner-item \">\n\t\t\t\t\t\t\t<a href=\"\/product-brand\/wear-moi\/\" target=\"_blank\" ><img loading=\"lazy\" decoding=\"async\" src=\"http:\/\/aikox.net\/Danzarte\/wp-content\/themes\/martfury\/images\/transparent.png\" data-original=\"http:\/\/aikox.net\/Danzarte\/wp-content\/uploads\/2022\/04\/WearMoi.png\"  alt=\"\" class=\"lazy \" width=\"300\" height=\"72\"><\/a>\n\t\t\t\t\t\t<\/div><div class=\"partner-item \">\n\t\t\t\t\t\t\t<a href=\"\/product-brand\/amaya-sport\/\" target=\"_blank\" ><img loading=\"lazy\" decoding=\"async\" src=\"http:\/\/aikox.net\/Danzarte\/wp-content\/themes\/martfury\/images\/transparent.png\" data-original=\"http:\/\/aikox.net\/Danzarte\/wp-content\/uploads\/2022\/04\/amaya.png\"  alt=\"\" class=\"lazy \" width=\"300\" height=\"38\"><\/a>\n\t\t\t\t\t\t<\/div><div class=\"partner-item \">\n\t\t\t\t\t\t\t<a href=\"\/product-brand\/freed\/\" target=\"_blank\" ><img loading=\"lazy\" decoding=\"async\" src=\"http:\/\/aikox.net\/Danzarte\/wp-content\/themes\/martfury\/images\/transparent.png\" data-original=\"http:\/\/aikox.net\/Danzarte\/wp-content\/uploads\/2022\/04\/freed-300x124.png\"  alt=\"\" class=\"lazy \" width=\"300\" height=\"124\"><\/a>\n\t\t\t\t\t\t<\/div><div class=\"partner-item \">\n\t\t\t\t\t\t\t<a href=\"\/product-brand\/dansez-vous\/\" target=\"_blank\" ><img loading=\"lazy\" decoding=\"async\" src=\"http:\/\/aikox.net\/Danzarte\/wp-content\/themes\/martfury\/images\/transparent.png\" data-original=\"http:\/\/aikox.net\/Danzarte\/wp-content\/uploads\/2022\/04\/DansezVous-300x90.png\"  alt=\"\" class=\"lazy \" width=\"300\" height=\"90\"><\/a>\n\t\t\t\t\t\t<\/div><div class=\"partner-item \">\n\t\t\t\t\t\t\t<a href=\"\/product-brand\/el-petit-ballet\/\" target=\"_blank\" ><img loading=\"lazy\" decoding=\"async\" src=\"http:\/\/aikox.net\/Danzarte\/wp-content\/themes\/martfury\/images\/transparent.png\" data-original=\"http:\/\/aikox.net\/Danzarte\/wp-content\/uploads\/2022\/04\/ElPetitBallet-1-300x73.png\"  alt=\"\" class=\"lazy \" width=\"300\" height=\"73\"><\/a>\n\t\t\t\t\t\t<\/div><div class=\"partner-item \">\n\t\t\t\t\t\t\t<a href=\"\/product-brand\/danzarte-jewerly-by-sara-serna\/\" target=\"_blank\" ><img loading=\"lazy\" decoding=\"async\" src=\"http:\/\/aikox.net\/Danzarte\/wp-content\/themes\/martfury\/images\/transparent.png\" data-original=\"http:\/\/aikox.net\/Danzarte\/wp-content\/uploads\/2022\/04\/DanzrteJewlry-300x91.png\"  alt=\"\" class=\"lazy \" width=\"300\" height=\"91\"><\/a>\n\t\t\t\t\t\t<\/div><div class=\"partner-item \">\n\t\t\t\t\t\t\t<a href=\"\/product-brand\/mdm\/\" target=\"_blank\" ><img loading=\"lazy\" decoding=\"async\" src=\"http:\/\/aikox.net\/Danzarte\/wp-content\/themes\/martfury\/images\/transparent.png\" data-original=\"http:\/\/aikox.net\/Danzarte\/wp-content\/uploads\/2022\/04\/mdm-e1649160900363.png\"  alt=\"\" class=\"lazy \" width=\"79\" height=\"84\"><\/a>\n\t\t\t\t\t\t<\/div><div class=\"partner-item \">\n\t\t\t\t\t\t\t<a href=\"\/product-brand\/davedans\/\" target=\"_blank\" ><img loading=\"lazy\" decoding=\"async\" src=\"http:\/\/aikox.net\/Danzarte\/wp-content\/themes\/martfury\/images\/transparent.png\" data-original=\"http:\/\/aikox.net\/Danzarte\/wp-content\/uploads\/2022\/04\/davedans-e1649160882662.png\"  alt=\"\" class=\"lazy \" width=\"145\" height=\"30\"><\/a>\n\t\t\t\t\t\t<\/div><div class=\"partner-item \">\n\t\t\t\t\t\t\t<a href=\"\/product-brand\/grishko\/\" target=\"_blank\" ><img loading=\"lazy\" decoding=\"async\" src=\"http:\/\/aikox.net\/Danzarte\/wp-content\/themes\/martfury\/images\/transparent.png\" data-original=\"http:\/\/aikox.net\/Danzarte\/wp-content\/uploads\/2022\/04\/grishko.png\"  alt=\"\" class=\"lazy \" width=\"150\" height=\"81\"><\/a>\n\t\t\t\t\t\t<\/div><div class=\"partner-item \">\n\t\t\t\t\t\t\t<a href=\"\/product-brand\/happy-dance\/\" target=\"_blank\" ><img loading=\"lazy\" decoding=\"async\" src=\"http:\/\/aikox.net\/Danzarte\/wp-content\/themes\/martfury\/images\/transparent.png\" data-original=\"http:\/\/aikox.net\/Danzarte\/wp-content\/uploads\/2022\/12\/happydance-1.png\"  alt=\"\" class=\"lazy \" width=\"150\" height=\"84\"><\/a>\n\t\t\t\t\t\t<\/div><\/div>\n\t\t\t<\/div>[\/vc_column][\/vc_row]<\/p>\n","protected":false},"excerpt":{"rendered":"<p>[vc_row full_width=\u00bbstretch_row_content_no_spaces\u00bb][vc_column][\/vc_column][\/vc_row][vc_row][vc_column width=\u00bb1\/2&#8243;][\/vc_column][vc_column width=\u00bb1\/2&#8243;][vc_custom_heading text=\u00bbDANZARTE, es un espacio en el coraz\u00f3n de Bilbao creado para asesorar y vestir la danza al mejor precio.\u00bb font_container=\u00bbtag:h2|font_size:36|text_align:left\u00bb use_theme_fonts=\u00bbyes\u00bb css=\u00bb.vc_custom_1621429657177{margin-top: 0px !important;margin-bottom: 0px !important;}\u00bb el_class=\u00bbmf-regular\u00bb][vc_custom_heading text=\u00bbTe podemos asesorar, confeccionar, personalizar y c\u00f3mo no, escuchar tus necesidades independientemente del tipo de danza que realizas.\u00bb font_container=\u00bbtag:h3|font_size:24|text_align:left\u00bb use_theme_fonts=\u00bbyes\u00bb css=\u00bb.vc_custom_1665742426162{margin-top: 0px !important;margin-bottom: 0px&hellip;<\/p>\n","protected":false},"author":1,"featured_media":0,"parent":0,"menu_order":0,"comment_status":"closed","ping_status":"closed","template":"template-full-width.php","meta":{"footnotes":""},"class_list":["post-129","page","type-page","status-publish","hentry"],"_links":{"self":[{"href":"http:\/\/aikox.net\/Danzarte\/wp-json\/wp\/v2\/pages\/129","targetHints":{"allow":["GET"]}}],"collection":[{"href":"http:\/\/aikox.net\/Danzarte\/wp-json\/wp\/v2\/pages"}],"about":[{"href":"http:\/\/aikox.net\/Danzarte\/wp-json\/wp\/v2\/types\/page"}],"author":[{"embeddable":true,"href":"http:\/\/aikox.net\/Danzarte\/wp-json\/wp\/v2\/users\/1"}],"replies":[{"embeddable":true,"href":"http:\/\/aikox.net\/Danzarte\/wp-json\/wp\/v2\/comments?post=129"}],"version-history":[{"count":71,"href":"http:\/\/aikox.net\/Danzarte\/wp-json\/wp\/v2\/pages\/129\/revisions"}],"predecessor-version":[{"id":9985,"href":"http:\/\/aikox.net\/Danzarte\/wp-json\/wp\/v2\/pages\/129\/revisions\/9985"}],"wp:attachment":[{"href":"http:\/\/aikox.net\/Danzarte\/wp-json\/wp\/v2\/media?parent=129"}],"curies":[{"name":"wp","href":"https:\/\/api.w.org\/{rel}","templated":true}]}}